{"id":542,"date":"2023-06-25T16:38:27","date_gmt":"2023-06-25T14:38:27","guid":{"rendered":"https:\/\/rojane.fr\/?page_id=542"},"modified":"2023-06-26T10:33:12","modified_gmt":"2023-06-26T08:33:12","slug":"commander","status":"publish","type":"page","link":"https:\/\/rojane.fr\/?page_id=542","title":{"rendered":"Commander"},"content":{"rendered":"<div data-colibri-id=\"542-c1\" class=\"style-288 style-local-542-c1 position-relative\">\n  <!---->\n  <div data-colibri-component=\"section\" data-colibri-id=\"542-c2\" id=\"initial-content\" class=\"h-section h-section-global-spacing d-flex align-items-lg-center align-items-md-center align-items-center style-289 style-local-542-c2 position-relative\">\n    <!---->\n    <!---->\n    <div class=\"h-section-grid-container h-section-boxed-container\">\n      <!---->\n      <div data-colibri-id=\"542-c3\" class=\"h-row-container gutters-row-lg-3 gutters-row-md-3 gutters-row-0 gutters-row-v-lg-3 gutters-row-v-md-3 gutters-row-v-3 style-290 style-local-542-c3 position-relative\">\n        <!---->\n        <div class=\"h-row justify-content-lg-center justify-content-md-center justify-content-center align-items-lg-stretch align-items-md-stretch align-items-stretch gutters-col-lg-3 gutters-col-md-3 gutters-col-0 gutters-col-v-lg-3 gutters-col-v-md-3 gutters-col-v-3\">\n          <!---->\n          <div class=\"h-column h-column-container d-flex h-col-lg-auto h-col-md-auto h-col-auto style-291-outer style-local-542-c4-outer\">\n            <div data-colibri-id=\"542-c4\" class=\"d-flex h-flex-basis h-column__inner h-px-lg-3 h-px-md-3 h-px-3 v-inner-lg-3 v-inner-md-3 v-inner-3 style-291 style-local-542-c4 position-relative\">\n              <!---->\n              <!---->\n              <div class=\"w-100 h-y-container h-column__content h-column__v-align flex-basis-100 align-self-lg-start align-self-md-start align-self-start\">\n                <!---->\n                <div data-colibri-id=\"542-c5\" class=\"style-292 style-local-542-c5 position-relative h-element\">\n                  <!---->\n                  <div>\n                    \n                    <p>Commander directement sur le site Amazon en cliquant sur les vignettes des livres ( le tome 2 de la saga Xavier sera disponible prochainement)<\/p>\n                    \n\n                    <div id=\"grid-gallery-3-68911\" data-gg-id=\"3\" data-title=\"Les ouvrages\" data-grid-type=\"2\" data-offset=\"10.3\" data-area-position=\"center\" data-icons=\"false\" data-preloader=\"true\" data-width=\"auto\" data-height=\"300\" data-padding=\"0\" data-quicksand=\"disabled\" data-quicksand-duration=\"none\" data-popup-theme=\"theme_6\" data-popup-type=\"pretty-photo\" data-popup-image-text=\"data-description\" data-popup-widthsize=\"auto\" data-popup-heightsize=\"auto\" data-popup-i18n-words=\"{&quot;close&quot;:&quot;fermer&quot;,&quot;next&quot;:&quot;suivant&quot;,&quot;previous&quot;:&quot;pr\\u00e9c\\u00e9dent&quot;,&quot;start_slideshow&quot;:&quot;d\\u00e9marrer le diaporama&quot;,&quot;stop_slideshow&quot;:&quot;arr\\u00e9ter le diaporama&quot;,&quot;image&quot;:&quot;image&quot;,&quot;of&quot;:&quot;de&quot;,&quot;prev&quot;:&quot;pr\\u00e9c.&quot;,&quot;cExpand&quot;:&quot;Agrandir&quot;,&quot;cPrevious&quot;:&quot;Pr\\u00e9c\\u00e9dent&quot;,&quot;cNext&quot;:&quot;Suivant&quot;,&quot;cExpandStr&quot;:&quot;Agrandir l&#039;image&quot;,&quot;cRotate&quot;:&quot;Pivoter&quot;,&quot;cDetails&quot;:&quot;Details&quot;}\" data-popup-slideshow=\"false\" data-popup-slideshow-speed=\"2500\" data-popup-hoverstop=\"true\" data-popup-slideshow-auto=\"false\" data-popup-background=\"\" data-popup-transparency=\"30\" data-popup-disable-history=\"\" data-popup-disable-changed-url=\"\" data-popup-border-type=\"solid\" data-popup-border-color=\"\" data-popup-border-width=\"\" data-popup-border-enable=\"\" data-fullscreen=\"false\" data-hide-tooltip=\"false\" data-caption-font-family=\"Default\" data-caption-text-size=\"14px\" data-is-mobile=\"0\" data-caption-mobile=\"false\" data-hide-long-tltp-title=\"0\" data-caption-disabled-on-mobile=\"false\" data-popup-placement-type=\"0\" data-social-sharing=\"{&quot;enabled&quot;:&quot;&quot;,&quot;gallerySharing&quot;:{&quot;enabled&quot;:null,&quot;position&quot;:null},&quot;imageSharing&quot;:{&quot;enabled&quot;:null,&quot;wrapperClass&quot;:&quot; vertical \\n &quot;},&quot;popupSharing&quot;:{&quot;enabled&quot;:null,&quot;wrapperClass&quot;:&quot; vertical \\n &quot;}}\" class=\"grid-gallery grid-gallery-fixed \" style=\" width:100%; height:auto ; margin-left:auto; margin-right:auto; position:relative;\" > <div class=\"gallery-loading\"> <div class=\"blocks\"> <div class=\"block\"><\/div> <div class=\"block\"><\/div> <div class=\"block\"><\/div> <div class=\"block\"><\/div> <\/div> <\/div> <div class=\"gallery-sharing-top\"><\/div> <div id=\"photos-3\" class=\"grid-gallery-photos \" > <a id=\"gg-3-9\" class=\"gg-link \" data-attachment-id=\"332\" href=\"https:\/\/www.amazon.fr\/pied-dans-fourmili%C3%A8re-ROJANE\/dp\/2377892361\/ref=sr_1_7?__mk_fr_FR=%C3%85M%C3%85%C5%BD%C3%95%C3%91&amp;keywords=rojane&amp;qid=1687757887&amp;sr=8-7\" target=\"_blank\" title=\"https:\/\/rojane.fr\/wp-content\/uploads\/2021\/11\/cropped-cropped-pied-proposition00.jpg\" rel=\"\" data-type=\"link\" style=\"border-radius: 30px;\" ><FIGURE class=\"grid-gallery-caption shadow-show \" data-grid-gallery-type=\"quarter-two-step\" data-index=\"0\" style=\"display:none;border: 3px groove black; border-radius: 30px; box-shadow: 2px 4px 5px #000000; ; margin: 5.15px; height:300px; width:auto;\" ><div class=\"crop \" style=\" \"><img decoding=\"async\" src=\"https:\/\/rojane.fr\/wp-content\/uploads\/2021\/11\/cropped-cropped-pied-proposition00-202x300.jpg\" class=\"ggImg ggNotInitImg\" alt=\"Le pied dans la fourmili\u00e8re\" title=\"https:\/\/rojane.fr\/wp-content\/uploads\/2021\/11\/cropped-cropped-pied-proposition00.jpg\" data-description=\"https:\/\/rojane.fr\/wp-content\/uploads\/2021\/11\/cropped-cropped-pied-proposition00.jpg\" data-caption=\"cropped-cropped-pied-proposition00.jpg\" data-title=\"cropped-cropped-pied-proposition00.jpg\" style=\" height:300px; width:auto; \" \/><\/div><FIGCAPTION class=\"\" data-alpha=\"5\" style=\"color:#ffffff; background-color:#0c0000; font-size:14px; text-align:left; font-family:Default;\" ><div class=\"grid-gallery-figcaption-wrap\" style=\" vertical-align:top; \"><\/div><\/FIGCAPTION><\/FIGURE><\/a> <a id=\"gg-3-11\" class=\"gg-link \" data-attachment-id=\"301\" href=\"https:\/\/www.amazon.fr\/faut-sauver-l%C3%A9colier-Aymeric\/dp\/2958217914\/ref=sr_1_35?__mk_fr_FR=%C3%85M%C3%85%C5%BD%C3%95%C3%91&amp;keywords=rojane&amp;qid=1687757956&amp;sr=8-35\" target=\"_self\" title=\"https:\/\/rojane.fr\/wp-content\/uploads\/2021\/11\/cropped-aymeric-site.jpg\" rel=\"\" data-type=\"link\" style=\"border-radius: 30px;\" ><FIGURE class=\"grid-gallery-caption shadow-show \" data-grid-gallery-type=\"quarter-two-step\" data-index=\"1\" style=\"display:none;border: 3px groove black; border-radius: 30px; box-shadow: 2px 4px 5px #000000; ; margin: 5.15px; height:300px; width:auto;\" ><div class=\"crop \" style=\" \"><img decoding=\"async\" src=\"https:\/\/rojane.fr\/wp-content\/uploads\/2021\/11\/cropped-aymeric-site-218x300.jpg\" class=\"ggImg ggNotInitImg\" alt=\"Il faux sauv\u00e9 l\u00e9s coliers aymeric\" title=\"https:\/\/rojane.fr\/wp-content\/uploads\/2021\/11\/cropped-aymeric-site.jpg\" data-description=\"https:\/\/rojane.fr\/wp-content\/uploads\/2021\/11\/cropped-aymeric-site.jpg\" data-caption=\"cropped-aymeric-site.jpg\" data-title=\"cropped-aymeric-site.jpg\" style=\" height:300px; width:auto; \" \/><\/div><FIGCAPTION class=\"\" data-alpha=\"5\" style=\"color:#ffffff; background-color:#0c0000; font-size:14px; text-align:left; font-family:Default;\" ><div class=\"grid-gallery-figcaption-wrap\" style=\" vertical-align:top; \"><\/div><\/FIGCAPTION><\/FIGURE><\/a> <a id=\"gg-3-12\" class=\"gg-link \" data-attachment-id=\"378\" href=\"https:\/\/www.amazon.fr\/bonnes-nouvelles-Rojane\/dp\/2958217906\/ref=sr_1_40?__mk_fr_FR=%C3%85M%C3%85%C5%BD%C3%95%C3%91&amp;keywords=rojane&amp;qid=1687758010&amp;sr=8-40\" target=\"_blank\" title=\"couverture-1 copie\" rel=\"\" data-type=\"link\" style=\"border-radius: 30px;\" ><FIGURE class=\"grid-gallery-caption shadow-show \" data-grid-gallery-type=\"quarter-two-step\" data-index=\"2\" style=\"display:none;border: 3px groove black; border-radius: 30px; box-shadow: 2px 4px 5px #000000; ; margin: 5.15px; height:300px; width:auto;\" ><div class=\"crop \" style=\" \"><img decoding=\"async\" src=\"https:\/\/rojane.fr\/wp-content\/uploads\/2021\/11\/couverture-1-copie-214x300.jpg\" class=\"ggImg ggNotInitImg\" alt=\"De bonnes nouvelles\" title=\"couverture-1 copie\" data-description=\"couverture-1 copie\" data-caption=\"couverture-1 copie\" data-title=\"couverture-1 copie\" style=\" height:300px; width:auto; \" \/><\/div><FIGCAPTION class=\"\" data-alpha=\"5\" style=\"color:#ffffff; background-color:#0c0000; font-size:14px; text-align:left; font-family:Default;\" ><div class=\"grid-gallery-figcaption-wrap\" style=\" vertical-align:top; \"><\/div><\/FIGCAPTION><\/FIGURE><\/a> <a id=\"gg-3-13\" class=\"gg-link \" data-attachment-id=\"385\" href=\"https:\/\/rojane.fr\/wp-content\/uploads\/2021\/11\/cropped-Xave2.jpg?gid=3\" target=\"_self\" title=\"https:\/\/rojane.fr\/wp-content\/uploads\/2021\/11\/cropped-Xave2.jpg\" data-rel=\"prettyPhoto[pp_gal]\" style=\"border-radius: 30px;\" ><FIGURE class=\"grid-gallery-caption shadow-show \" data-grid-gallery-type=\"quarter-two-step\" data-index=\"3\" style=\"display:none;border: 3px groove black; border-radius: 30px; box-shadow: 2px 4px 5px #000000; ; margin: 5.15px; height:300px; width:auto;\" ><div class=\"crop \" style=\" \"><img decoding=\"async\" src=\"https:\/\/rojane.fr\/wp-content\/uploads\/2021\/11\/cropped-Xave2-253x300.jpg\" class=\"ggImg ggNotInitImg\" alt=\"Le P\u00e8re N\u00f6el est entr\u00e9 par la porte. Le voleurs est sorti par la fen\u00e8tre.\" title=\"https:\/\/rojane.fr\/wp-content\/uploads\/2021\/11\/cropped-Xave2.jpg\" data-description=\"https:\/\/rojane.fr\/wp-content\/uploads\/2021\/11\/cropped-Xave2.jpg\" data-caption=\"cropped-Xave2.jpg\" data-title=\"cropped-Xave2.jpg\" style=\" height:300px; width:auto; \" \/><\/div><FIGCAPTION class=\"\" data-alpha=\"5\" style=\"color:#ffffff; background-color:#0c0000; font-size:14px; text-align:left; font-family:Default;\" ><div class=\"grid-gallery-figcaption-wrap\" style=\" vertical-align:top; \"><\/div><\/FIGCAPTION><\/FIGURE><\/a> <a id=\"gg-3-14\" class=\"gg-link \" data-attachment-id=\"551\" href=\"https:\/\/www.amazon.fr\/groumpf-Rojane\/dp\/2958217922\/ref=sr_1_1?__mk_fr_FR=%C3%85M%C3%85%C5%BD%C3%95%C3%91&amp;keywords=rojane&amp;qid=1687757573&amp;sr=8-1\" target=\"_self\" title=\"couverture 2\" rel=\"\" data-type=\"link\" style=\"border-radius: 30px;\" ><FIGURE class=\"grid-gallery-caption shadow-show \" data-grid-gallery-type=\"quarter-two-step\" data-index=\"4\" style=\"display:none;border: 3px groove black; border-radius: 30px; box-shadow: 2px 4px 5px #000000; ; margin: 5.15px; height:300px; width:auto;\" ><div class=\"crop \" style=\" \"><img decoding=\"async\" src=\"https:\/\/rojane.fr\/wp-content\/uploads\/2023\/06\/couverture-2-222x300.jpg\" class=\"ggImg ggNotInitImg\" alt=\"Groumpf\" title=\"couverture 2\" data-description=\"couverture 2\" data-caption=\"couverture 2\" data-title=\"couverture 2\" style=\" height:300px; width:auto; \" \/><\/div><FIGCAPTION class=\"\" data-alpha=\"5\" style=\"color:#ffffff; background-color:#0c0000; font-size:14px; text-align:left; font-family:Default;\" ><div class=\"grid-gallery-figcaption-wrap\" style=\" vertical-align:top; \"><\/div><\/FIGCAPTION><\/FIGURE><\/a> <div class=\"grid-gallery-clearfix\"><\/div> <\/div> <div class=\"gallery-sharing-bottom\"><\/div> <div class=\"grid-gallery-clearfix\"><\/div> <\/div> <!-- Gallery by Supsystic plugin 1.15.12 -->\n\n\n                    \n                    <p>Vous pouvez me joindre pour tout renseignement ou pour tout simplement laisser un commentaire sur votre \u00e9coute ou votre lecture :<\/p>\n                    \n\n                    \n                    <p>rojane.contact@gmail.com<\/p>\n                    \n                  <\/div>\n                <\/div>\n              <\/div>\n            <\/div>\n          <\/div>\n        <\/div>\n      <\/div>\n    <\/div>\n  <\/div>\n<\/div>","protected":false},"excerpt":{"rendered":"<p>Commander directement sur le site Amazon en cliquant sur les vignettes des livres ( le tome 2 de la saga Xavier sera disponible prochainement) Vous pouvez me joindre pour tout renseignement ou pour tout simplement laisser un commentaire sur votre \u00e9coute ou votre lecture : rojane.contact@gmail.com<\/p>\n","protected":false},"author":1,"featured_media":0,"parent":0,"menu_order":0,"comment_status":"closed","ping_status":"closed","template":"page-templates\/full-width-page.php","meta":{"footnotes":""},"class_list":["post-542","page","type-page","status-publish","hentry"],"_links":{"self":[{"href":"https:\/\/rojane.fr\/index.php?rest_route=\/wp\/v2\/pages\/542","targetHints":{"allow":["GET"]}}],"collection":[{"href":"https:\/\/rojane.fr\/index.php?rest_route=\/wp\/v2\/pages"}],"about":[{"href":"https:\/\/rojane.fr\/index.php?rest_route=\/wp\/v2\/types\/page"}],"author":[{"embeddable":true,"href":"https:\/\/rojane.fr\/index.php?rest_route=\/wp\/v2\/users\/1"}],"replies":[{"embeddable":true,"href":"https:\/\/rojane.fr\/index.php?rest_route=%2Fwp%2Fv2%2Fcomments&post=542"}],"version-history":[{"count":5,"href":"https:\/\/rojane.fr\/index.php?rest_route=\/wp\/v2\/pages\/542\/revisions"}],"predecessor-version":[{"id":686,"href":"https:\/\/rojane.fr\/index.php?rest_route=\/wp\/v2\/pages\/542\/revisions\/686"}],"wp:attachment":[{"href":"https:\/\/rojane.fr\/index.php?rest_route=%2Fwp%2Fv2%2Fmedia&parent=542"}],"curies":[{"name":"wp","href":"https:\/\/api.w.org\/{rel}","templated":true}]}}