{"id":371,"date":"2021-11-24T12:26:27","date_gmt":"2021-11-24T11:26:27","guid":{"rendered":"https:\/\/rojane.fr\/?page_id=371"},"modified":"2023-06-26T08:40:16","modified_gmt":"2023-06-26T06:40:16","slug":"extraits-tome-3","status":"publish","type":"page","link":"https:\/\/rojane.fr\/?page_id=371","title":{"rendered":"Extraits TOME 3"},"content":{"rendered":"<div data-colibri-id=\"371-c1\" class=\"style-264 style-local-371-c1 position-relative\">\n  <!---->\n  <div data-colibri-component=\"section\" data-colibri-id=\"371-c2\" id=\"custom\" class=\"h-section h-section-global-spacing d-flex align-items-lg-center align-items-md-center align-items-center style-265 style-local-371-c2 position-relative\">\n    <!---->\n    <!---->\n    <div class=\"h-section-grid-container h-section-boxed-container\">\n      <!---->\n      <div data-colibri-id=\"371-c3\" class=\"h-row-container gutters-row-lg-2 gutters-row-md-2 gutters-row-0 gutters-row-v-lg-2 gutters-row-v-md-2 gutters-row-v-2 style-266 style-local-371-c3 position-relative\">\n        <!---->\n        <div class=\"h-row justify-content-lg-center justify-content-md-center justify-content-center align-items-lg-stretch align-items-md-stretch align-items-stretch gutters-col-lg-2 gutters-col-md-2 gutters-col-0 gutters-col-v-lg-2 gutters-col-v-md-2 gutters-col-v-2\">\n          <!---->\n          <div class=\"h-column h-column-container d-flex h-col-lg-auto h-col-md-auto h-col-auto style-267-outer style-local-371-c4-outer\">\n            <div data-colibri-id=\"371-c4\" class=\"d-flex h-flex-basis h-column__inner h-px-lg-2 h-px-md-2 h-px-2 v-inner-lg-2 v-inner-md-2 v-inner-2 style-267 style-local-371-c4 position-relative\">\n              <!---->\n              <!---->\n              <div class=\"w-100 h-y-container h-column__content h-column__v-align flex-basis-100 align-self-lg-start align-self-md-start align-self-start\">\n                <!---->\n                <div data-colibri-id=\"371-c5\" class=\"h-text h-text-component style-268 style-local-371-c5 position-relative h-element\">\n                  <!---->\n                  <!---->\n                  <div class=\"\">\n                    <p>Le troisi\u00e8me tome est en cours d&#8217;\u00e9criture. Voici quelques lignes issues du d\u00e9but :\n                      <br>\n                    <\/p>\n                    <p>\n                      <br>\n                    <\/p>\n                    <p>_ J\u2019avance avec une assurance pesante vers la barri\u00e8re du parking de l\u2019inspection\u2026 Elle est ouverte. Julien, &#8220;l\u2019homme \u00e0 tout faire&#8221; de l\u2019inspection&nbsp;s\u2019\u00e9chine sur le boitier d\u00e9mont\u00e9. Intrigu\u00e9, je m\u2019approche en tentant de le saluer\n                      machinalement de la main. Le poids inhabituel de ma main stoppe le geste aussi s\u00fbrement que le chant du merle la nuit. De toute fa\u00e7on il ne m\u2019a pas encore remarqu\u00e9. Je lui lance donc un bonjour sonore : <\/p>\n                    <p>_ Bonjour Julien, c\u2019est toi qui r\u00e9pare la barri\u00e8re&nbsp;?<\/p>\n                    <p>_ Salut\u2026 Oui, avec ce froid, le caoutchouc que j\u2019avais mis est gel\u00e9\u2026 Elle ne peut plus remonter\u2026<\/p>\n                    <p>_ Mais l\u00e0, elle est pourtant remont\u00e9e\u2026<\/p>\n                    <p>_ En fait elle peut plus descendre non plus\u2026<\/p>\n                    <p>_ Le caoutchouc&nbsp;?<\/p>\n                    <p>_ Non, j\u2019ai d\u00e9rap\u00e9 avec le tournevis\u2026<\/p>\n                    <p>Ne voyant pas le rapport, je lui lance une proposition du bout des l\u00e8vres, les mains \u00e9tant trop occup\u00e9es.<\/p>\n                    <p>_ Euh\u2026 t\u2019as besoin d\u2019un coup de main&nbsp;?<\/p>\n                    <p>_&nbsp; Non, c\u2019est tout b\u00eate, j\u2019ai r\u00e9chauff\u00e9 la rondelle, y reste plus qu\u2019\u00e0 la mettre\u2026 quand la barri\u00e8re est baiss\u00e9e.<\/p>\n                    <p>_ Ah ouais, je vois\u2026 tu ne peux vraiment pas la baisser&nbsp;?<\/p>\n                    <p>_&nbsp; Non, c\u2019est compl\u00e9tement bloqu\u00e9&nbsp;!<\/p>\n                    <p>_&nbsp; Donc, c\u2019est foutu&nbsp;!<\/p>\n                    <p>&#8211;&nbsp;Oui, compl\u00e9tement&nbsp;!<\/p>\n                    <p>&#8211;&nbsp;Alors pourquoi t\u2019essaye encore&nbsp;?<\/p>\n                    <p>&#8211;&nbsp;Non, j\u2019essaye pas vraiment\u2026<\/p>\n                    <p>&#8211;&nbsp;Tu fais quoi alors, si tu ne r\u00e9pares pas\u2026<\/p>\n                    <p>&#8211;&nbsp;Je suis le protocole&nbsp;!<\/p>\n                    <p>&#8211;&nbsp;Le protocole pour r\u00e9parer&nbsp;?<\/p>\n                    <p>&#8211;&nbsp;Non justement\u2026 c\u2019est le protocole de d\u00e9pannage&nbsp;!<\/p>\n                    <p>&#8211;&nbsp;Excuse-moi avec ces questions stupides, je vois bien que ce n\u2019est pas le moment\u2026<\/p>\n                    <p>Je trouve cette discussion de plus en plus p\u00e9nible, surtout dans les bras. Je m\u2019appr\u00eate \u00e0 le laisser suivre le protocole de d\u00e9pannage pour r\u00e9parer ce qui ne peut l\u2019\u00eatre, quand il me remercie froidement d\u2019un ton enjou\u00e9\u2026<\/p>\n                    <p>&#8211;&nbsp;Non, y caille, ce matin&nbsp;! \u00c7a me fait plaisir que tu me tiennes compagnie\u2026<\/p>\n                    <p>&#8211;&nbsp;Ah&nbsp;? Et tu en as encore pour longtemps&nbsp;?<\/p>\n                    <p>&#8211;&nbsp;43 minutes&nbsp;!<\/p>\n                    <p>&#8211;&nbsp;C\u2019est pr\u00e9cis&nbsp;! Il te faut tout ce temps&nbsp;pour r\u00e9parer&nbsp;?<\/p>\n                    <p>&#8211;&nbsp;Ben non,&nbsp;c\u2019est pas r\u00e9parable&nbsp;!<\/p>\n                    <p>&#8211;&nbsp;Je ne comprends pas pourquoi tu restes \u00e0 te geler dehors\u2026 Puisqu\u2019elle est lev\u00e9e tout le monde pourra rentrer et sortir.<\/p>\n                    <p>&#8211; Oui, mais c\u2019est le protocole de d\u00e9pannage&nbsp;!<\/p>\n                    <p>&#8211;&nbsp;Pour quand c\u2019est cass\u00e9&nbsp;?<\/p>\n                    <p>&#8211;&nbsp;C\u2019est exactement \u00e7a&nbsp;! il faut r\u00e9parer une heure avant de dire que c\u2019est cass\u00e9\u2026 La derni\u00e8re fois, avec le caoutchouc,&nbsp;je l\u2019ai r\u00e9par\u00e9e en 10 minutes\u2026 Je me suis fait engueuler, parce que j\u2019avais r\u00e9par\u00e9 trop vite et qu\u2019on\n                      ne pouvait pas appeler l\u2019entreprise\u2026 J\u2019ai pr\u00e9venu que c\u2019\u00e9tait temporaire, juste pour d\u00e9panner, mais rien \u00e0 faire\u2026 \u00c7a a quand m\u00eame tenu 6 mois\u2026 C\u2019est pas mal\u2026<\/p>\n                    <p>&#8211;&nbsp;\u00c7a laissait pas mal de temps pour r\u00e9parer\u2026<\/p>\n                    <p>&#8211;&nbsp;Non, on fait des \u00e9conomies, tant que \u00e7a tient\u2026<\/p>\n                    <p>&#8211;&nbsp;Houl\u00e0, si c\u2019est pour la sauvegarde du budget&nbsp;!<\/p>\n                    <p>&#8211;&nbsp;Au final, \u00e7a coutera plus cher&nbsp;!<\/p>\n                    <p>&#8211;&nbsp;Bon\u2026 ben\u2026 je vais quand m\u00eame te laisser, je dois d\u00e9poser tout \u00e7a\u2026 Je te souhaite bon courage, et surtout fais gaffe de ne pas r\u00e9parer sans faire expr\u00e8s, tu serais encore emb\u00eat\u00e9 apr\u00e8s.<\/p>\n                    <p>&#8211;&nbsp;Oui, c\u2019est \u00e7a fous-toi de ma gueule\u2026 La prochaine fois que ton ordi plante, je te pr\u00eaterais ma rondelle&nbsp;!<\/p>\n                    <p>&#8211;&nbsp;T\u2019as raison, il faut que je me magne la rondelle\u2026 et je le plante, mais sans le lui dire\u2026<\/p>\n                    <p>&#8211;&nbsp;A plus\u2026<\/p>\n                  <\/div>\n                <\/div>\n              <\/div>\n            <\/div>\n          <\/div>\n        <\/div>\n      <\/div>\n    <\/div>\n  <\/div>\n<\/div>","protected":false},"excerpt":{"rendered":"<p>Le troisi\u00e8me tome est en cours d&#8217;\u00e9criture. Voici quelques lignes issues du d\u00e9but : _ J\u2019avance avec une assurance pesante vers la barri\u00e8re du parking de l\u2019inspection\u2026 Elle est ouverte. Julien, &#8220;l\u2019homme \u00e0 tout faire&#8221; de l\u2019inspection&nbsp;s\u2019\u00e9chine sur le boitier d\u00e9mont\u00e9. Intrigu\u00e9, je m\u2019approche en tentant de le saluer machinalement de la main. Le poids [&hellip;]<\/p>\n","protected":false},"author":1,"featured_media":0,"parent":0,"menu_order":0,"comment_status":"closed","ping_status":"closed","template":"page-templates\/full-width-page.php","meta":{"footnotes":""},"class_list":["post-371","page","type-page","status-publish","hentry"],"_links":{"self":[{"href":"https:\/\/rojane.fr\/index.php?rest_route=\/wp\/v2\/pages\/371","targetHints":{"allow":["GET"]}}],"collection":[{"href":"https:\/\/rojane.fr\/index.php?rest_route=\/wp\/v2\/pages"}],"about":[{"href":"https:\/\/rojane.fr\/index.php?rest_route=\/wp\/v2\/types\/page"}],"author":[{"embeddable":true,"href":"https:\/\/rojane.fr\/index.php?rest_route=\/wp\/v2\/users\/1"}],"replies":[{"embeddable":true,"href":"https:\/\/rojane.fr\/index.php?rest_route=%2Fwp%2Fv2%2Fcomments&post=371"}],"version-history":[{"count":3,"href":"https:\/\/rojane.fr\/index.php?rest_route=\/wp\/v2\/pages\/371\/revisions"}],"predecessor-version":[{"id":606,"href":"https:\/\/rojane.fr\/index.php?rest_route=\/wp\/v2\/pages\/371\/revisions\/606"}],"wp:attachment":[{"href":"https:\/\/rojane.fr\/index.php?rest_route=%2Fwp%2Fv2%2Fmedia&parent=371"}],"curies":[{"name":"wp","href":"https:\/\/api.w.org\/{rel}","templated":true}]}}