{"id":369,"date":"2021-11-24T12:26:08","date_gmt":"2021-11-24T11:26:08","guid":{"rendered":"https:\/\/rojane.fr\/?page_id=369"},"modified":"2021-12-04T18:30:04","modified_gmt":"2021-12-04T17:30:04","slug":"extraits-tome-2","status":"publish","type":"page","link":"https:\/\/rojane.fr\/?page_id=369","title":{"rendered":"Extraits TOME 2"},"content":{"rendered":"<div data-colibri-id=\"369-c1\" class=\"style-247 style-local-369-c1 position-relative\">\n  <!---->\n  <div data-colibri-component=\"section\" data-colibri-id=\"369-c2\" id=\"custom\" class=\"h-section h-section-global-spacing d-flex align-items-lg-center align-items-md-center align-items-center style-248 style-local-369-c2 position-relative\">\n    <!---->\n    <!---->\n    <div class=\"h-section-grid-container h-section-boxed-container\">\n      <!---->\n      <div data-colibri-id=\"369-c3\" class=\"h-row-container gutters-row-lg-2 gutters-row-md-2 gutters-row-0 gutters-row-v-lg-2 gutters-row-v-md-2 gutters-row-v-2 style-249 style-local-369-c3 position-relative\">\n        <!---->\n        <div class=\"h-row justify-content-lg-center justify-content-md-center justify-content-center align-items-lg-stretch align-items-md-stretch align-items-stretch gutters-col-lg-2 gutters-col-md-2 gutters-col-0 gutters-col-v-lg-2 gutters-col-v-md-2 gutters-col-v-2\">\n          <!---->\n          <div class=\"h-column h-column-container d-flex h-col-lg-auto h-col-md-auto h-col-auto style-250-outer style-local-369-c4-outer\">\n            <div data-colibri-id=\"369-c4\" class=\"d-flex h-flex-basis h-column__inner h-px-lg-2 h-px-md-2 h-px-2 v-inner-lg-2 v-inner-md-2 v-inner-2 style-250 style-local-369-c4 position-relative\">\n              <!---->\n              <!---->\n              <div class=\"w-100 h-y-container h-column__content h-column__v-align flex-basis-100 align-self-lg-start align-self-md-start align-self-start\">\n                <!---->\n                <div data-colibri-id=\"369-c5\" class=\"d-block style-251 style-local-369-c5 position-relative h-element\">\n                  <!---->\n                  <div class=\"h-image__frame-container-outer\">\n                    <div class=\"h-image__frame-container\">\n                      <!---->\n                      <!---->\n                      <img loading=\"lazy\" decoding=\"async\" width=\"1199\" height=\"1422\" src=\"https:\/\/rojane.fr\/wp-content\/uploads\/2021\/11\/cropped-Xave2.jpg\" class=\"wp-image-385 style-251-image style-local-369-c5-image\" alt=\"Le P\u00e8re N\u00f6el est entr\u00e9 par la porte. Le voleurs est sorti par la fen\u00e8tre.\" srcset=\"https:\/\/rojane.fr\/wp-content\/uploads\/2021\/11\/cropped-Xave2.jpg 1199w, https:\/\/rojane.fr\/wp-content\/uploads\/2021\/11\/cropped-Xave2-253x300.jpg 253w, https:\/\/rojane.fr\/wp-content\/uploads\/2021\/11\/cropped-Xave2-863x1024.jpg 863w, https:\/\/rojane.fr\/wp-content\/uploads\/2021\/11\/cropped-Xave2-768x911.jpg 768w, https:\/\/rojane.fr\/wp-content\/uploads\/2021\/11\/cropped-Xave2-600x712.jpg 600w\" sizes=\"auto, (max-width: 1199px) 100vw, 1199px\" \/>\n                      <div class=\"h-image__frame h-hide-lg h-hide-md h-hide-sm style-251-frameImage style-local-369-c5-frameImage\"><\/div>\n                    <\/div>\n                  <\/div>\n                <\/div>\n              <\/div>\n            <\/div>\n          <\/div>\n        <\/div>\n      <\/div>\n    <\/div>\n  <\/div>\n  <div data-colibri-component=\"section\" data-colibri-id=\"369-c6\" id=\"custom-2\" class=\"h-section h-section-global-spacing d-flex align-items-lg-center align-items-md-center align-items-center style-252 style-local-369-c6 position-relative\">\n    <!---->\n    <!---->\n    <div class=\"h-section-grid-container h-section-boxed-container\">\n      <!---->\n      <div data-colibri-id=\"369-c10\" class=\"h-row-container gutters-row-lg-2 gutters-row-md-2 gutters-row-0 gutters-row-v-lg-2 gutters-row-v-md-2 gutters-row-v-2 style-256 style-local-369-c10 position-relative\">\n        <!---->\n        <div class=\"h-row justify-content-lg-center justify-content-md-center justify-content-center align-items-lg-stretch align-items-md-stretch align-items-stretch gutters-col-lg-2 gutters-col-md-2 gutters-col-0 gutters-col-v-lg-2 gutters-col-v-md-2 gutters-col-v-2\">\n          <!---->\n          <div class=\"h-column h-column-container d-flex h-col-lg-auto h-col-md-auto h-col-auto style-257-outer style-local-369-c11-outer\">\n            <div data-colibri-id=\"369-c11\" class=\"d-flex h-flex-basis h-column__inner h-px-lg-2 h-px-md-2 h-px-2 v-inner-lg-2 v-inner-md-2 v-inner-2 style-257 style-local-369-c11 position-relative\">\n              <!---->\n              <!---->\n              <div class=\"w-100 h-y-container h-column__content h-column__v-align flex-basis-100 align-self-lg-start align-self-md-start align-self-start\">\n                <!---->\n                <div data-colibri-id=\"369-c12\" class=\"h-text h-text-component style-255 style-local-369-c12 position-relative h-element\">\n                  <!---->\n                  <!---->\n                  <div class=\"\">\n                    <p>\n                      <br>\n                    <\/p>\n                    <p>EXTRAIT 1\n                      <br>\n                    <\/p>\n                    <p>_&nbsp;Regardez le beau sapin\u2026 Comme il est grand et bien d\u00e9cor\u00e9!<\/p>\n                    <p>_&nbsp;Oh oui&nbsp;! il est trop grand&nbsp;!&nbsp;<\/p>\n                    <p>_&nbsp;Super, y\u2019a plein de cadeaux&nbsp;\u00bb rajoute Albin en faisant r\u00e9f\u00e9rence aux d\u00e9corations en forme de cadeaux au pied du sapin.<\/p>\n                    <p>_&nbsp;Y sont super gros !<\/p>\n                    <p>_&nbsp;Moi, je veux le bleu&nbsp;!&nbsp;<\/p>\n                    <p>_&nbsp;Non, c\u2019est pour moi, c\u2019est le plus gros\u2026&nbsp;<\/p>\n                    <p>_&nbsp;Mais non, le plus grand c\u2019est le blanc&nbsp;<\/p>\n                    <p>_&nbsp;Y\u2019en a m\u00eame des rouges&nbsp;!&nbsp;<\/p>\n                    <p>Bon, j\u2019interromps cet \u00e9lan patriotique cependant rassur\u00e9&nbsp;: l\u2019enthousiasme revient&nbsp;!<\/p>\n                    <p>_&nbsp;Nous allons nous asseoir autour des tables, comme les grands, ils nous attendent\u2026 Nos cadeaux sont \u00e0 l\u2019\u00e9cole. Ils nous attendent&nbsp;! Le P\u00e8re-No\u00ebl est pass\u00e9 pour nous \u00e0&nbsp;l\u2019\u00e9cole\u2026 L\u00e9ane&nbsp;? Peux-tu emmener les premiers\n                      aux tables sur la gauche\u2026 merci\u2026 Vous suivez L\u00e9ane\u2026 allez sans vous bousculer&nbsp;!&nbsp;\u00bb<\/p>\n                    <p>Je reste en retrait pour redonner un semblant d\u2019ordre au troupeau qui s\u00e9vit \u00e0 l\u2019arri\u00e8re garde. Visiblement beaucoup en sont rest\u00e9 \u00e0 des consid\u00e9rations chromatiques&nbsp;:<\/p>\n                    <p>_&nbsp;Oah&nbsp;! le Bleu&nbsp;!&nbsp;<\/p>\n                    <p>_&nbsp;Ouaih&nbsp;! Il est tout bleu et il est gros&nbsp;<\/p>\n                    <p>_&nbsp;Moi, j\u2019veux le blanc&nbsp;!&nbsp;<\/p>\n                    <p>Si je n\u2019interviens pas, cela va se terminer en feu d\u2019artifice ! D\u2019ailleurs, pourquoi au fait, cette d\u00e9coration digne d\u2019un quatorze juillet ? Je surprends La\u00eblle en train d\u2019extraire subrepticement un tube de drag\u00e9es aromatis\u00e9es pour\n                      la toux, de sa poche, et d\u2019essayer de l\u2019ouvrir. La prise de la pastille, malgr\u00e9 le c\u00f4t\u00e9 tricolore de la d\u00e9coration, n\u2019est pas de saison\u2026 Enfin si\u2026 Mais elle n\u2019est pas autoris\u00e9e : ce genre de produits ressemble \u00e9trangement \u00e0 des m\u00e9dicaments\n                      plus actifs qui, pris inconsid\u00e9r\u00e9ment, peuvent provoquer des accidents graves ! Donc, interdiction totale d\u2019emporter des comprim\u00e9s.<\/p>\n                    <p>EXTRAIT 2\n                      <br>\n                    <\/p>\n                    <p>Je relis plusieurs fois le message et les \u00e9v\u00e9nements entre eux.<\/p>\n                    <p>Je cherche rapidement son num\u00e9ro de t\u00e9l\u00e9phone dans le r\u00e9pertoire puis, tel ma petite ni\u00e8ce devant la \u00ab lettre \u00e0 Elise \u00bb, je le pianote plusieurs fois sans obtenir la tonalit\u00e9 voulue. Je me calme puis recommence pour entendre s\u2019\u00e9grainer\n                      les sonneries dans le vide. \u00c9videmment elle n\u2019a pas eu encore le temps de rentrer.<\/p>\n                    <p>Impossible de faire autre chose que d\u2019attendre en essayant de se pr\u00e9parer \u00e0 la discussion que j\u2019imagine p\u00e9rilleuse\u2026 Dix minutes, plus tard, tel l\u2019homme politique devant son miroir, je me lasse des r\u00e9flexions futiles. Ma petite ni\u00e8ce\n                      a laiss\u00e9 place au Mozart d\u00e9butant car je joue ma partition t\u00e9l\u00e9phonique avec trois doigts, sans commettre la moindre erreur. Une petite voix connue, mais triste me r\u00e9pond :<\/p>\n                    <p>_ \u00ab Allo ? \u00bb<\/p>\n                    <p>_ \u00ab Allo madame Lorcas ? C\u2019est mons\u2026 Euh c\u2019est Xavier\u2026 \u00bb<\/p>\n                    <p>_ \u00ab D\u00e9sol\u00e9e\u2026 franchement\u2026 \u00bb<\/p>\n                    <p>_ \u00ab Je voul\u2026 \u00bb<\/p>\n                    <p>Elle a raccroch\u00e9\u2026 Je la per\u00e7ois comme le g\u00e9n\u00e9ral, malade le jour de la remise des d\u00e9corations, m\u00e9langeant diarrh\u00e9es et r\u00e9cipiendaires\u2026 c\u2019est \u00e0 dire \u00ab m\u00e9lant coliques et des prim\u00e9s \u00bb&#8230; plus afflig\u00e9e que vindicative. Pourtant elle ne\n                      souhaite pas s\u2019entretenir avec moi. Je re-pianote avec le m\u00eame brio, et le m\u00eame nombre de doigts, la ritournelle d\u2019appel.<\/p>\n                    <p>Elle d\u00e9croche sans parler, mais mon ou\u00efe fine de musicien me fait comprendre qu\u2019elle essaie \u00e0 grand peine de r\u00e9primer des sanglots. Je\u2026 \u00ab tente \u00bb, puisque L\u00e9ane n\u2019est pas l\u00e0 pour me voir, de d\u00e9glutir sans bruit\u2026 puis avec le sentiment\n                      de retour en arri\u00e8re impossible, \u00e0 l\u2019instar du mafieux ayant les pieds dans le b\u00e9ton, je me jette \u00e0 l\u2019eau.<\/p>\n                    <p>\n                      <br>\n                    <\/p>\n                  <\/div>\n                <\/div>\n              <\/div>\n            <\/div>\n          <\/div>\n        <\/div>\n      <\/div>\n      <div data-colibri-id=\"369-c7\" class=\"h-row-container gutters-row-lg-2 gutters-row-md-2 gutters-row-0 gutters-row-v-lg-2 gutters-row-v-md-2 gutters-row-v-2 style-253 style-local-369-c7 position-relative\">\n        <!---->\n        <div class=\"h-row justify-content-lg-center justify-content-md-center justify-content-center align-items-lg-stretch align-items-md-stretch align-items-stretch gutters-col-lg-2 gutters-col-md-2 gutters-col-0 gutters-col-v-lg-2 gutters-col-v-md-2 gutters-col-v-2\">\n          <!---->\n          <div class=\"h-column h-column-container d-flex h-col-lg-auto h-col-md-auto h-col-auto style-254-outer style-local-369-c8-outer\">\n            <div data-colibri-id=\"369-c8\" class=\"d-flex h-flex-basis h-column__inner h-ui-empty-state-container h-px-lg-2 h-px-md-2 h-px-2 v-inner-lg-2 v-inner-md-2 v-inner-2 style-254 style-local-369-c8 position-relative\">\n              <!---->\n              <!---->\n              <div class=\"w-100 h-y-container h-column__content h-column__v-align flex-basis-100\">\n                <!---->\n              <\/div>\n            <\/div>\n          <\/div>\n        <\/div>\n      <\/div>\n      <div data-colibri-id=\"369-c15\" class=\"h-row-container gutters-row-lg-2 gutters-row-md-2 gutters-row-0 gutters-row-v-lg-2 gutters-row-v-md-2 gutters-row-v-2 style-260 style-local-369-c15 position-relative\">\n        <!---->\n        <div class=\"h-row justify-content-lg-center justify-content-md-center justify-content-center align-items-lg-stretch align-items-md-stretch align-items-stretch gutters-col-lg-2 gutters-col-md-2 gutters-col-0 gutters-col-v-lg-2 gutters-col-v-md-2 gutters-col-v-2\">\n          <!---->\n          <div class=\"h-column h-column-container d-flex h-col-lg-auto h-col-md-auto h-col-auto style-261-outer style-local-369-c16-outer\">\n            <div data-colibri-id=\"369-c16\" class=\"d-flex h-flex-basis h-column__inner h-ui-empty-state-container h-px-lg-2 h-px-md-2 h-px-2 v-inner-lg-2 v-inner-md-2 v-inner-2 style-261 style-local-369-c16 position-relative\">\n              <!---->\n              <!---->\n              <div class=\"w-100 h-y-container h-column__content h-column__v-align flex-basis-100\">\n                <!---->\n              <\/div>\n            <\/div>\n          <\/div>\n        <\/div>\n      <\/div>\n    <\/div>\n  <\/div>\n<\/div>","protected":false},"excerpt":{"rendered":"<p>EXTRAIT 1 _&nbsp;Regardez le beau sapin\u2026 Comme il est grand et bien d\u00e9cor\u00e9! _&nbsp;Oh oui&nbsp;! il est trop grand&nbsp;!&nbsp; _&nbsp;Super, y\u2019a plein de cadeaux&nbsp;\u00bb rajoute Albin en faisant r\u00e9f\u00e9rence aux d\u00e9corations en forme de cadeaux au pied du sapin. _&nbsp;Y sont super gros ! _&nbsp;Moi, je veux le bleu&nbsp;!&nbsp; _&nbsp;Non, c\u2019est pour moi, c\u2019est le [&hellip;]<\/p>\n","protected":false},"author":1,"featured_media":0,"parent":0,"menu_order":0,"comment_status":"closed","ping_status":"closed","template":"page-templates\/full-width-page.php","meta":{"footnotes":""},"class_list":["post-369","page","type-page","status-publish","hentry"],"_links":{"self":[{"href":"https:\/\/rojane.fr\/index.php?rest_route=\/wp\/v2\/pages\/369","targetHints":{"allow":["GET"]}}],"collection":[{"href":"https:\/\/rojane.fr\/index.php?rest_route=\/wp\/v2\/pages"}],"about":[{"href":"https:\/\/rojane.fr\/index.php?rest_route=\/wp\/v2\/types\/page"}],"author":[{"embeddable":true,"href":"https:\/\/rojane.fr\/index.php?rest_route=\/wp\/v2\/users\/1"}],"replies":[{"embeddable":true,"href":"https:\/\/rojane.fr\/index.php?rest_route=%2Fwp%2Fv2%2Fcomments&post=369"}],"version-history":[{"count":9,"href":"https:\/\/rojane.fr\/index.php?rest_route=\/wp\/v2\/pages\/369\/revisions"}],"predecessor-version":[{"id":437,"href":"https:\/\/rojane.fr\/index.php?rest_route=\/wp\/v2\/pages\/369\/revisions\/437"}],"wp:attachment":[{"href":"https:\/\/rojane.fr\/index.php?rest_route=%2Fwp%2Fv2%2Fmedia&parent=369"}],"curies":[{"name":"wp","href":"https:\/\/api.w.org\/{rel}","templated":true}]}}