{"id":359,"date":"2021-11-24T12:11:09","date_gmt":"2021-11-24T11:11:09","guid":{"rendered":"https:\/\/rojane.fr\/?page_id=359"},"modified":"2023-06-30T10:25:55","modified_gmt":"2023-06-30T08:25:55","slug":"extraits-choisis","status":"publish","type":"page","link":"https:\/\/rojane.fr\/?page_id=359","title":{"rendered":"Bibliographie"},"content":{"rendered":"<div data-colibri-id=\"359-c1\" class=\"style-269 style-local-359-c1 position-relative\">\n  <!---->\n  <div data-colibri-component=\"section\" data-colibri-id=\"359-c2\" id=\"initial-content\" class=\"h-section h-section-global-spacing d-flex align-items-lg-center align-items-md-center align-items-center style-270 style-local-359-c2 position-relative\">\n    <!---->\n    <!---->\n    <div class=\"h-section-grid-container h-section-boxed-container\">\n      <!---->\n      <div data-colibri-id=\"359-c3\" class=\"h-row-container gutters-row-lg-2 gutters-row-md-2 gutters-row-0 gutters-row-v-lg-2 gutters-row-v-md-2 gutters-row-v-2 style-271 style-local-359-c3 position-relative\">\n        <!---->\n        <div class=\"h-row justify-content-lg-center justify-content-md-center justify-content-center align-items-lg-stretch align-items-md-stretch align-items-stretch gutters-col-lg-2 gutters-col-md-2 gutters-col-0 gutters-col-v-lg-2 gutters-col-v-md-2 gutters-col-v-2\">\n          <!---->\n          <div class=\"h-column h-column-container d-flex h-col-lg-auto h-col-md-auto h-col-auto style-272-outer style-local-359-c4-outer\">\n            <div data-colibri-id=\"359-c4\" class=\"d-flex h-flex-basis h-column__inner h-px-lg-2 h-px-md-2 h-px-2 v-inner-lg-2 v-inner-md-2 v-inner-2 style-272 style-local-359-c4 position-relative\">\n              <!---->\n              <!---->\n              <div class=\"w-100 h-y-container h-column__content h-column__v-align flex-basis-100 align-self-lg-start align-self-md-start align-self-start\">\n                <!---->\n                <div data-colibri-id=\"359-c5\" class=\"h-text h-text-component style-278 style-local-359-c5 position-relative h-element\">\n                  <!---->\n                  <!---->\n                  <div class=\"\">\n                    <p>Les romans de la saga XAVE :<\/p>\n                    <p>\n                      <br>\n                    <\/p>\n                    <p>Tome 1 (2 \u00e9ditions)<\/p>\n                    <p>Il faut sauver l&#8217;\u00e9colier Aymeric<\/p>\n                    <p>Le pied dans la fourmili\u00e8re<\/p>\n                    <p>\n                      <br>\n                    <\/p>\n                    <p>Tome 2<\/p>\n                    <p>Le P\u00e8re No\u00ebl est entr\u00e9 par la porte. LE voleur est sorti par la fen\u00eatre.<\/p>\n                    <p>\n                      <br>\n                    <\/p>\n                    <p>Tome 3<\/p>\n                    <p>TBI<\/p>\n                  <\/div>\n                <\/div>\n              <\/div>\n            <\/div>\n          <\/div>\n          <div class=\"h-column h-column-container d-flex h-col-lg-auto h-col-md-auto h-col-auto style-274-outer style-local-359-c6-outer\">\n            <div data-colibri-id=\"359-c6\" class=\"d-flex h-flex-basis h-column__inner h-px-lg-2 h-px-md-2 h-px-2 v-inner-lg-2 v-inner-md-2 v-inner-2 style-274 style-local-359-c6 position-relative\">\n              <!---->\n              <!---->\n              <div class=\"w-100 h-y-container h-column__content h-column__v-align flex-basis-100 align-self-lg-start align-self-md-start align-self-start\">\n                <!---->\n                <div data-colibri-id=\"359-c7\" class=\"d-block style-275 style-local-359-c7 position-relative h-element\">\n                  <!---->\n                  <div class=\"h-image__frame-container-outer\">\n                    <div class=\"h-image__frame-container\">\n                      <!---->\n                      <!---->\n                      <img loading=\"lazy\" decoding=\"async\" width=\"565\" height=\"1154\" src=\"https:\/\/rojane.fr\/wp-content\/uploads\/2023\/06\/cropped-Rojane.jpg\" class=\"wp-image-613 style-275-image style-local-359-c7-image\" alt=\"\" srcset=\"https:\/\/rojane.fr\/wp-content\/uploads\/2023\/06\/cropped-Rojane.jpg 565w, https:\/\/rojane.fr\/wp-content\/uploads\/2023\/06\/cropped-Rojane-147x300.jpg 147w, https:\/\/rojane.fr\/wp-content\/uploads\/2023\/06\/cropped-Rojane-501x1024.jpg 501w\" sizes=\"auto, (max-width: 565px) 100vw, 565px\" \/>\n                      <div class=\"h-image__frame h-hide-lg h-hide-md h-hide-sm style-275-frameImage style-local-359-c7-frameImage\"><\/div>\n                    <\/div>\n                  <\/div>\n                <\/div>\n              <\/div>\n            <\/div>\n          <\/div>\n          <div class=\"h-column h-column-container d-flex h-col-lg-auto h-col-md-auto h-col-auto style-279-outer style-local-359-c8-outer\">\n            <div data-colibri-id=\"359-c8\" class=\"d-flex h-flex-basis h-column__inner h-px-lg-2 h-px-md-2 h-px-2 v-inner-lg-2 v-inner-md-2 v-inner-2 style-279 style-local-359-c8 position-relative\">\n              <!---->\n              <!---->\n              <div class=\"w-100 h-y-container h-column__content h-column__v-align flex-basis-100 align-self-lg-start align-self-md-start align-self-start\">\n                <!---->\n                <div data-colibri-id=\"359-c9\" class=\"h-text h-text-component style-280 style-local-359-c9 position-relative h-element\">\n                  <!---->\n                  <!---->\n                  <div class=\"\">\n                    <p>\n                      <br>\n                    <\/p>\n                    <p>Recueil de Nouvelles :<\/p>\n                    <p>De bonnes Novelles<\/p>\n                    <p>\n                      <br>\n                    <\/p>\n                    <p>\n                      <br>\n                    <\/p>\n                    <p>La fantasy :<\/p>\n                    <p>Groumpf&nbsp;<\/p>\n                    <p>Tueurs de chefs<\/p>\n                    <p>\n                      <br>\n                    <\/p>\n                    <p>\n                      <br>\n                    <\/p>\n                    <p>\n                      <br>\n                    <\/p>\n                    <p>La Science Fiction :<\/p>\n                    <p>L&#8217;Emp\u00e9rium<\/p>\n                  <\/div>\n                <\/div>\n              <\/div>\n            <\/div>\n          <\/div>\n        <\/div>\n      <\/div>\n    <\/div>\n  <\/div>\n  <div data-colibri-component=\"section\" data-colibri-id=\"359-c10\" id=\"custom\" class=\"h-section h-section-global-spacing d-flex align-items-lg-center align-items-md-center align-items-center style-281 style-local-359-c10 position-relative\">\n    <!---->\n    <!---->\n    <div class=\"h-section-grid-container h-section-boxed-container\">\n      <!---->\n      <div data-colibri-id=\"359-c11\" class=\"h-row-container gutters-row-lg-2 gutters-row-md-2 gutters-row-0 gutters-row-v-lg-2 gutters-row-v-md-2 gutters-row-v-2 style-284 style-local-359-c11 position-relative\">\n        <!---->\n        <div class=\"h-row justify-content-lg-center justify-content-md-center justify-content-center align-items-lg-stretch align-items-md-stretch align-items-stretch gutters-col-lg-2 gutters-col-md-2 gutters-col-0 gutters-col-v-lg-2 gutters-col-v-md-2 gutters-col-v-2\">\n          <!---->\n          <div class=\"h-column h-column-container d-flex h-col-lg-auto h-col-md-auto h-col-auto style-285-outer style-local-359-c12-outer\">\n            <div data-colibri-id=\"359-c12\" class=\"d-flex h-flex-basis h-column__inner h-px-lg-2 h-px-md-2 h-px-2 v-inner-lg-2 v-inner-md-2 v-inner-2 style-285 style-local-359-c12 position-relative\">\n              <!---->\n              <!---->\n              <div class=\"w-100 h-y-container h-column__content h-column__v-align flex-basis-100 align-self-lg-start align-self-md-start align-self-start\">\n                <!---->\n                <div data-colibri-id=\"359-c13\" class=\"h-text h-text-component style-286 style-local-359-c13 position-relative h-element\">\n                  <!---->\n                  <!---->\n                  <div class=\"\">\n                    <p>Les podcasts : mise en voix de nouvelles<\/p>\n                  <\/div>\n                <\/div>\n              <\/div>\n            <\/div>\n          <\/div>\n        <\/div>\n      <\/div>\n      <div data-colibri-id=\"359-c14\" class=\"h-row-container gutters-row-lg-2 gutters-row-md-2 gutters-row-0 gutters-row-v-lg-2 gutters-row-v-md-2 gutters-row-v-2 style-282 style-local-359-c14 position-relative\">\n        <!---->\n        <div class=\"h-row justify-content-lg-center justify-content-md-center justify-content-center align-items-lg-stretch align-items-md-stretch align-items-stretch gutters-col-lg-2 gutters-col-md-2 gutters-col-0 gutters-col-v-lg-2 gutters-col-v-md-2 gutters-col-v-2\">\n          <!---->\n          <div class=\"h-column h-column-container d-flex h-col-lg-auto h-col-md-auto h-col-auto style-283-outer style-local-359-c15-outer\">\n            <div data-colibri-id=\"359-c15\" class=\"d-flex h-flex-basis h-column__inner h-px-lg-2 h-px-md-2 h-px-2 v-inner-lg-2 v-inner-md-2 v-inner-2 style-283 style-local-359-c15 position-relative\">\n              <!---->\n              <!---->\n              <div class=\"w-100 h-y-container h-column__content h-column__v-align flex-basis-100 align-self-lg-start align-self-md-start align-self-start\">\n                <!---->\n                <div data-colibri-id=\"359-c16\" class=\"h-text h-text-component style-287 style-local-359-c16 position-relative h-element\">\n                  <!---->\n                  <!---->\n                  <div class=\"\">\n                    <div id=\"grid-gallery-4-90177\" data-gg-id=\"4\" data-title=\"Podcasts\" data-grid-type=\"0\" data-offset=\"7.3\" data-area-position=\"center\" data-icons=\"false\" data-preloader=\"true\" data-width=\"215\" data-height=\"215\" data-padding=\"0\" data-quicksand=\"disabled\" data-quicksand-duration=\"1800\" data-popup-theme=\"theme_6\" data-popup-type=\"pretty-photo\" data-popup-image-text=\"data-description\" data-popup-widthsize=\"auto\" data-popup-heightsize=\"auto\" data-popup-i18n-words=\"{&quot;close&quot;:&quot;fermer&quot;,&quot;next&quot;:&quot;suivant&quot;,&quot;previous&quot;:&quot;pr\\u00e9c\\u00e9dent&quot;,&quot;start_slideshow&quot;:&quot;d\\u00e9marrer le diaporama&quot;,&quot;stop_slideshow&quot;:&quot;arr\\u00e9ter le diaporama&quot;,&quot;image&quot;:&quot;image&quot;,&quot;of&quot;:&quot;de&quot;,&quot;prev&quot;:&quot;pr\\u00e9c.&quot;,&quot;cExpand&quot;:&quot;Agrandir&quot;,&quot;cPrevious&quot;:&quot;Pr\\u00e9c\\u00e9dent&quot;,&quot;cNext&quot;:&quot;Suivant&quot;,&quot;cExpandStr&quot;:&quot;Agrandir l&#039;image&quot;,&quot;cRotate&quot;:&quot;Pivoter&quot;,&quot;cDetails&quot;:&quot;Details&quot;}\" data-popup-slideshow=\"false\" data-popup-slideshow-speed=\"2500\" data-popup-hoverstop=\"true\" data-popup-slideshow-auto=\"false\" data-popup-background=\"\" data-popup-transparency=\"30\" data-popup-disable-history=\"\" data-popup-disable-changed-url=\"\" data-popup-border-type=\"\" data-popup-border-color=\"\" data-popup-border-width=\"\" data-popup-border-enable=\"\" data-fullscreen=\"false\" data-hide-tooltip=\"false\" data-caption-font-family=\"Default\" data-caption-text-size=\"14px\" data-is-mobile=\"0\" data-caption-mobile=\"false\" data-hide-long-tltp-title=\"0\" data-caption-disabled-on-mobile=\"false\" data-popup-placement-type=\"0\" data-social-sharing=\"{&quot;enabled&quot;:&quot;&quot;,&quot;gallerySharing&quot;:{&quot;enabled&quot;:null,&quot;position&quot;:null},&quot;imageSharing&quot;:{&quot;enabled&quot;:null,&quot;wrapperClass&quot;:&quot; vertical \\n &quot;},&quot;popupSharing&quot;:{&quot;enabled&quot;:null,&quot;wrapperClass&quot;:&quot; vertical \\n &quot;}}\" class=\"grid-gallery grid-gallery-fixed \" style=\" width:100%; height:auto ; margin-left:auto; margin-right:auto; position:relative;\" > <div class=\"gallery-loading\"> <div class=\"blocks\"> <div class=\"block\"><\/div> <div class=\"block\"><\/div> <div class=\"block\"><\/div> <div class=\"block\"><\/div> <\/div> <\/div> <div class=\"gallery-sharing-top\"><\/div> <div id=\"photos-4\" class=\"grid-gallery-photos \" > <a id=\"gg-4-15\" class=\"gg-link \" data-attachment-id=\"630\" href=\"https:\/\/podcasters.spotify.com\/pod\/show\/latrumelle\/episodes\/Pff----3-heures-e2242a9\" target=\"_self\" title=\"PFFF\" rel=\"\" data-type=\"link\" style=\"border-radius: 100%;\" ><FIGURE class=\"grid-gallery-caption \" data-grid-gallery-type=\"center\" data-index=\"0\" style=\"display:none;border: 5px solid #ffffff; border-radius: 100%; box-shadow: 0px 0px 10px #000000; ; margin: 7.3px; width:215px;\" ><div class=\"crop \" style=\" width:215px; height:215px; overflow:hidden; \"><img decoding=\"async\" src=\"https:\/\/rojane.fr\/wp-content\/uploads\/2023\/06\/PFFF-215x215.jpg\" class=\"ggImg\" alt=\"PFFF... 3 heures!\" title=\"PFFF\" data-description=\"PFFF\" data-caption=\"691 mots \/ 36000 caract\u00e8res \" data-title=\"PFFF\" style=\" width:215px; height:215px; \" \/><\/div><FIGCAPTION class=\"\" data-alpha=\"10\" style=\"color:#ffffff; background-color:#3498db; font-size:14px; text-align:2; font-family:Default;\" ><div class=\"grid-gallery-figcaption-wrap\" style=\" vertical-align:; \"><div class=\"gg-image-caption fitvidsignore \" style=\"font-size:14px;\"><object type=\"none\/none\"> 691 mots \/ 36000 caract\u00e8res <\/object><\/div><\/div><\/FIGCAPTION><\/FIGURE><\/a> <a id=\"gg-4-16\" class=\"gg-link \" data-attachment-id=\"629\" href=\"https:\/\/podcasters.spotify.com\/pod\/show\/latrumelle\/episodes\/Jamais-bon-la-premire-fois-e263bd6\" target=\"_blank\" title=\"jamais bon\" rel=\"\" data-type=\"link\" style=\"border-radius: 100%;\" ><FIGURE class=\"grid-gallery-caption \" data-grid-gallery-type=\"center\" data-index=\"1\" style=\"display:none;border: 5px solid #ffffff; border-radius: 100%; box-shadow: 0px 0px 10px #000000; ; margin: 7.3px; width:215px;\" ><div class=\"crop \" style=\" width:215px; height:215px; overflow:hidden; \"><img decoding=\"async\" src=\"https:\/\/rojane.fr\/wp-content\/uploads\/2023\/06\/jamais-bon-215x215.jpg\" class=\"ggImg\" alt=\"jamais bon\" title=\"jamais bon\" data-description=\"jamais bon\" data-caption=\"Moins de 300 caract\u00e8res\" data-title=\"jamais bon\" style=\" width:215px; height:215px; \" \/><\/div><FIGCAPTION class=\"\" data-alpha=\"10\" style=\"color:#ffffff; background-color:#3498db; font-size:14px; text-align:2; font-family:Default;\" ><div class=\"grid-gallery-figcaption-wrap\" style=\" vertical-align:; \"><div class=\"gg-image-caption fitvidsignore \" style=\"font-size:14px;\"><object type=\"none\/none\"> Moins de 300 caract\u00e8res <\/object><\/div><\/div><\/FIGCAPTION><\/FIGURE><\/a> <a id=\"gg-4-17\" class=\"gg-link \" data-attachment-id=\"626\" href=\"https:\/\/podcasters.spotify.com\/pod\/show\/latrumelle\/episodes\/Abstention-e263is6\" target=\"_blank\" title=\"abstention\" rel=\"\" data-type=\"link\" style=\"border-radius: 100%;\" ><FIGURE class=\"grid-gallery-caption \" data-grid-gallery-type=\"center\" data-index=\"2\" style=\"display:none;border: 5px solid #ffffff; border-radius: 100%; box-shadow: 0px 0px 10px #000000; ; margin: 7.3px; width:215px;\" ><div class=\"crop \" style=\" width:215px; height:215px; overflow:hidden; \"><img decoding=\"async\" src=\"https:\/\/rojane.fr\/wp-content\/uploads\/2023\/06\/abstention-215x215.jpg\" class=\"ggImg\" alt=\"abstention\" title=\"abstention\" data-description=\"abstention\" data-caption=\"Moins de 300 caract\u00e8res\" data-title=\"abstention\" style=\" width:215px; height:215px; \" \/><\/div><FIGCAPTION class=\"\" data-alpha=\"10\" style=\"color:#ffffff; background-color:#3498db; font-size:14px; text-align:2; font-family:Default;\" ><div class=\"grid-gallery-figcaption-wrap\" style=\" vertical-align:; \"><div class=\"gg-image-caption fitvidsignore \" style=\"font-size:14px;\"><object type=\"none\/none\"> Moins de 300 caract\u00e8res <\/object><\/div><\/div><\/FIGCAPTION><\/FIGURE><\/a> <a id=\"gg-4-18\" class=\"gg-link \" data-attachment-id=\"704\" href=\"https:\/\/podcasters.spotify.com\/pod\/show\/latrumelle\/episodes\/Bise-e26bdrh\" target=\"_self\" title=\"prince-1503345_1280\" rel=\"\" data-type=\"link\" style=\"border-radius: 100%;\" ><FIGURE class=\"grid-gallery-caption \" data-grid-gallery-type=\"center\" data-index=\"3\" style=\"display:none;border: 5px solid #ffffff; border-radius: 100%; box-shadow: 0px 0px 10px #000000; ; margin: 7.3px; width:215px;\" ><div class=\"crop \" style=\" width:215px; height:215px; overflow:hidden; \"><img decoding=\"async\" src=\"https:\/\/rojane.fr\/wp-content\/uploads\/2023\/06\/prince-1503345_1280-215x215.jpg\" class=\"ggImg\" alt=\"prince-1503345_1280\" title=\"prince-1503345_1280\" data-description=\"prince-1503345_1280\" data-caption=\"Moins de 300 caract\u00e8res\" data-title=\"prince-1503345_1280\" style=\" width:215px; height:215px; \" \/><\/div><FIGCAPTION class=\"\" data-alpha=\"10\" style=\"color:#ffffff; background-color:#3498db; font-size:14px; text-align:2; font-family:Default;\" ><div class=\"grid-gallery-figcaption-wrap\" style=\" vertical-align:; \"><div class=\"gg-image-caption fitvidsignore \" style=\"font-size:14px;\"><object type=\"none\/none\"> Moins de 300 caract\u00e8res <\/object><\/div><\/div><\/FIGCAPTION><\/FIGURE><\/a> <div class=\"grid-gallery-clearfix\"><\/div> <\/div> <div class=\"gallery-sharing-bottom\"><\/div> <div class=\"grid-gallery-clearfix\"><\/div> <\/div> <!-- Gallery by Supsystic plugin 1.15.12 -->\n                  <\/div>\n                <\/div>\n              <\/div>\n            <\/div>\n          <\/div>\n        <\/div>\n      <\/div>\n    <\/div>\n  <\/div>\n<\/div>","protected":false},"excerpt":{"rendered":"<p>Les romans de la saga XAVE : Tome 1 (2 \u00e9ditions) Il faut sauver l&#8217;\u00e9colier Aymeric Le pied dans la fourmili\u00e8re Tome 2 Le P\u00e8re No\u00ebl est entr\u00e9 par la porte. LE voleur est sorti par la fen\u00eatre. Tome 3 TBI Recueil de Nouvelles : De bonnes Novelles La fantasy : Groumpf&nbsp; Tueurs de chefs [&hellip;]<\/p>\n","protected":false},"author":1,"featured_media":0,"parent":0,"menu_order":0,"comment_status":"closed","ping_status":"closed","template":"page-templates\/full-width-page.php","meta":{"footnotes":""},"class_list":["post-359","page","type-page","status-publish","hentry"],"_links":{"self":[{"href":"https:\/\/rojane.fr\/index.php?rest_route=\/wp\/v2\/pages\/359","targetHints":{"allow":["GET"]}}],"collection":[{"href":"https:\/\/rojane.fr\/index.php?rest_route=\/wp\/v2\/pages"}],"about":[{"href":"https:\/\/rojane.fr\/index.php?rest_route=\/wp\/v2\/types\/page"}],"author":[{"embeddable":true,"href":"https:\/\/rojane.fr\/index.php?rest_route=\/wp\/v2\/users\/1"}],"replies":[{"embeddable":true,"href":"https:\/\/rojane.fr\/index.php?rest_route=%2Fwp%2Fv2%2Fcomments&post=359"}],"version-history":[{"count":20,"href":"https:\/\/rojane.fr\/index.php?rest_route=\/wp\/v2\/pages\/359\/revisions"}],"predecessor-version":[{"id":733,"href":"https:\/\/rojane.fr\/index.php?rest_route=\/wp\/v2\/pages\/359\/revisions\/733"}],"wp:attachment":[{"href":"https:\/\/rojane.fr\/index.php?rest_route=%2Fwp%2Fv2%2Fmedia&parent=359"}],"curies":[{"name":"wp","href":"https:\/\/api.w.org\/{rel}","templated":true}]}}