{"id":140,"date":"2020-02-17T10:20:30","date_gmt":"2020-02-17T09:20:30","guid":{"rendered":"http:\/\/rojane.fr\/?page_id=140"},"modified":"2023-06-27T09:07:47","modified_gmt":"2023-06-27T07:07:47","slug":"les-salons","status":"publish","type":"page","link":"https:\/\/rojane.fr\/?page_id=140","title":{"rendered":"Les salons et concours"},"content":{"rendered":"\n<div class=\"wp-block-columns is-layout-flex wp-container-core-columns-is-layout-9d6595d7 wp-block-columns-is-layout-flex\">\n<div class=\"wp-block-column is-layout-flow wp-block-column-is-layout-flow\">\n<h3 class=\"wp-block-heading has-text-align-center\"><strong>LES SALONS<\/strong> 2023<br><br><br><\/h3>\n\n\n\n<p><\/p>\n\n\n\n<p><strong>Salon du livre Bretteville sur AY<\/strong>  09 juillet<br><br> <\/p>\n\n\n\n<p><\/p>\n\n\n\n<p><strong>Salon du livre Cerisy la for\u00eat<\/strong> 16 septembre<br><br><\/p>\n\n\n\n<p><\/p>\n\n\n\n<p><strong>Salon du Livre Carentant<\/strong> 1er octobre<br><br><\/p>\n\n\n\n<p><\/p>\n\n\n\n<p><strong>Salon des livres en vadrouille <\/strong><br>Saint Samson de Bonfoss\u00e9 8 octobre <\/p>\n\n\n\n<p><\/p>\n<\/div>\n\n\n\n<div class=\"wp-block-column is-layout-flow wp-block-column-is-layout-flow\">\n<h3 class=\"wp-block-heading has-text-align-center\">Concours de la nouvelle polici\u00e8re : <\/h3>\n\n\n\n<p class=\"has-text-align-center\"><a href=\"https:\/\/podcasters.spotify.com\/pod\/show\/latrumelle\/episodes\/Pff----3-heures-e2242a9\" target=\"_blank\" rel=\"noreferrer noopener\">Pff&#8230; 3 heures<\/a> => Prix public \/ reste de la france<\/p>\n\n\n\n<figure class=\"wp-block-image size-full\"><img loading=\"lazy\" decoding=\"async\" width=\"465\" height=\"465\" src=\"https:\/\/rojane.fr\/wp-content\/uploads\/2023\/06\/PFFF.jpg\" alt=\"PFFF... 3 heures!\" class=\"wp-image-630\" srcset=\"https:\/\/rojane.fr\/wp-content\/uploads\/2023\/06\/PFFF.jpg 465w, https:\/\/rojane.fr\/wp-content\/uploads\/2023\/06\/PFFF-300x300.jpg 300w, https:\/\/rojane.fr\/wp-content\/uploads\/2023\/06\/PFFF-150x150.jpg 150w, https:\/\/rojane.fr\/wp-content\/uploads\/2023\/06\/PFFF-100x100.jpg 100w\" sizes=\"auto, (max-width: 465px) 100vw, 465px\" \/><figcaption class=\"wp-element-caption\">691 mots \/ 36000 caract\u00e8res <\/figcaption><\/figure>\n<\/div>\n<\/div>\n\n\n\n<p><\/p>\n\n\n\n<div class=\"wp-block-columns is-layout-flex wp-container-core-columns-is-layout-9d6595d7 wp-block-columns-is-layout-flex\"><\/div>\n\n\n\n<div class=\"wp-block-columns is-layout-flex wp-container-core-columns-is-layout-9d6595d7 wp-block-columns-is-layout-flex\"><\/div>\n","protected":false},"excerpt":{"rendered":"<p>LES SALONS 2023 Salon du livre Bretteville sur AY 09 juillet Salon du livre Cerisy la for\u00eat 16 septembre Salon du Livre Carentant 1er octobre Salon des livres en vadrouille Saint Samson de Bonfoss\u00e9 8 octobre Concours de la nouvelle polici\u00e8re : Pff&#8230; 3 heures => Prix public \/ reste de la france<\/p>\n","protected":false},"author":1,"featured_media":0,"parent":0,"menu_order":0,"comment_status":"closed","ping_status":"closed","template":"","meta":{"footnotes":""},"class_list":["post-140","page","type-page","status-publish","hentry"],"_links":{"self":[{"href":"https:\/\/rojane.fr\/index.php?rest_route=\/wp\/v2\/pages\/140","targetHints":{"allow":["GET"]}}],"collection":[{"href":"https:\/\/rojane.fr\/index.php?rest_route=\/wp\/v2\/pages"}],"about":[{"href":"https:\/\/rojane.fr\/index.php?rest_route=\/wp\/v2\/types\/page"}],"author":[{"embeddable":true,"href":"https:\/\/rojane.fr\/index.php?rest_route=\/wp\/v2\/users\/1"}],"replies":[{"embeddable":true,"href":"https:\/\/rojane.fr\/index.php?rest_route=%2Fwp%2Fv2%2Fcomments&post=140"}],"version-history":[{"count":11,"href":"https:\/\/rojane.fr\/index.php?rest_route=\/wp\/v2\/pages\/140\/revisions"}],"predecessor-version":[{"id":698,"href":"https:\/\/rojane.fr\/index.php?rest_route=\/wp\/v2\/pages\/140\/revisions\/698"}],"wp:attachment":[{"href":"https:\/\/rojane.fr\/index.php?rest_route=%2Fwp%2Fv2%2Fmedia&parent=140"}],"curies":[{"name":"wp","href":"https:\/\/api.w.org\/{rel}","templated":true}]}}